{"id":23133,"date":"2016-06-10T09:11:46","date_gmt":"2016-06-10T07:11:46","guid":{"rendered":"http:\/\/localhost\/lilium\/?page_id=23133"},"modified":"2016-06-16T14:41:49","modified_gmt":"2016-06-16T12:41:49","slug":"cooperativa-sociale-lilium-onlus","status":"publish","type":"page","link":"https:\/\/liliumservizifunebri.it\/de\/cooperativa-sociale-lilium-onlus\/","title":{"rendered":"Gemeinn\u00fctzige Gesellschaft"},"content":{"rendered":"<p>[vc_row][vc_column][vc_text_separator title=&#8220;Menschlichkeit und Diskretion&#8220; style=&#8220;shadow&#8220;][\/vc_column][\/vc_row][vc_row][vc_column width=&#8220;1\/2&#8243;][vc_single_image image=&#8220;23128&#8243; img_size=&#8220;400&#8243; style=&#8220;vc_box_shadow_border&#8220;][\/vc_column][vc_column width=&#8220;1\/2&#8243;][vc_column_text]Die Lilium ist eine Gesellschaft mit gemeinn\u00fctzigem Charakter, die im Trauerfall menschlich und mit Diskretion agiert.<\/p>\n<p>Um eine st\u00e4ndige Verf\u00fcgbarkeit der Dienstleistungen zu gew\u00e4hrleisten, ist das Fachpersonal ununterbrochen rund um die Uhr an Werktagen und Feiertagen im Einsatz.[\/vc_column_text][\/vc_column][\/vc_row][vc_row][vc_column][vc_text_separator title=&#8220;Umfassender Service&#8220; style=&#8220;shadow&#8220;][\/vc_column][\/vc_row][vc_row][vc_column width=&#8220;1\/2&#8243;][vc_column_text]Die Mitarbeiter der Gesellschaft sind verantwortlich f\u00fcr die gesamte Organisation der Bestattung, von der Erledigung notwendiger Formalit\u00e4ten,<\/p>\n<p>\u00fcber die Ver\u00f6ffentlichung der Todesanzeige und den Druck der Trauerkarten und<\/p>\n<p>Danksagungen, bis hin Kr\u00e4nzen und Blumengebinden nach Wunsch und zur Vorbereitung der Kirche auf den Trauergottesdienst.<\/p>\n<p>Sie \u00fcbernimmt auch die Kommunikation mit dem Friedhof und dem Steinmetz zur Gestaltung des Grabsteins, der Grabanlage oder Grabkunst.[\/vc_column_text][\/vc_column][vc_column width=&#8220;1\/2&#8243;][vc_single_image image=&#8220;23153&#8243; img_size=&#8220;400&#8243; style=&#8220;vc_box_shadow_border&#8220;][\/vc_column][\/vc_row]<\/p>","protected":false},"excerpt":{"rendered":"<p>[vc_row][vc_column][vc_text_separator title=&#8220;Menschlichkeit und Diskretion&#8220; style=&#8220;shadow&#8220;][\/vc_column][\/vc_row][vc_row][vc_column width=&#8220;1\/2&#8243;][vc_single_image image=&#8220;23128&#8243; img_size=&#8220;400&#8243; style=&#8220;vc_box_shadow_border&#8220;][\/vc_column][vc_column width=&#8220;1\/2&#8243;][vc_column_text]Die Lilium ist eine Gesellschaft mit&#8230;<\/p>\n","protected":false},"author":2,"featured_media":23150,"parent":0,"menu_order":0,"comment_status":"closed","ping_status":"closed","template":"","meta":[],"aioseo_notices":[],"_links":{"self":[{"href":"https:\/\/liliumservizifunebri.it\/de\/wp-json\/wp\/v2\/pages\/23133"}],"collection":[{"href":"https:\/\/liliumservizifunebri.it\/de\/wp-json\/wp\/v2\/pages"}],"about":[{"href":"https:\/\/liliumservizifunebri.it\/de\/wp-json\/wp\/v2\/types\/page"}],"author":[{"embeddable":true,"href":"https:\/\/liliumservizifunebri.it\/de\/wp-json\/wp\/v2\/users\/2"}],"replies":[{"embeddable":true,"href":"https:\/\/liliumservizifunebri.it\/de\/wp-json\/wp\/v2\/comments?post=23133"}],"version-history":[{"count":7,"href":"https:\/\/liliumservizifunebri.it\/de\/wp-json\/wp\/v2\/pages\/23133\/revisions"}],"predecessor-version":[{"id":23223,"href":"https:\/\/liliumservizifunebri.it\/de\/wp-json\/wp\/v2\/pages\/23133\/revisions\/23223"}],"wp:featuredmedia":[{"embeddable":true,"href":"https:\/\/liliumservizifunebri.it\/de\/wp-json\/wp\/v2\/media\/23150"}],"wp:attachment":[{"href":"https:\/\/liliumservizifunebri.it\/de\/wp-json\/wp\/v2\/media?parent=23133"}],"curies":[{"name":"wp","href":"https:\/\/api.w.org\/{rel}","templated":true}]}}