{"id":15253,"date":"2014-02-26T12:49:33","date_gmt":"2014-02-26T12:49:33","guid":{"rendered":"http:\/\/8theme.com\/dev\/royal\/?page_id=5"},"modified":"2021-05-14T16:00:33","modified_gmt":"2021-05-14T14:00:33","slug":"lilium-funeral-services-bolzano","status":"publish","type":"page","link":"https:\/\/liliumservizifunebri.it\/de\/","title":{"rendered":"Bestattungen Lilium Bozen"},"content":{"rendered":"<p>[vc_row][vc_column][vc_separator type=&#8220;double&#8220;][vc_column_text]Die gemeinn\u00fctzige <strong>Bestattungsgesellschaft<\/strong> Lilium ist aus dem allgemeinen Interesse entstanden, in einem sehr sensiblen Bereich eine Organisation anzubieten, die sich besonders<br \/>\naufmerksam dem menschlichen Aspekt widmet, und einer \u00fcberm\u00e4\u00dfigen Kommerzialisierung<br \/>\nder <strong>Bestattungsorganisation<\/strong> entgegenwirkt.[\/vc_column_text][\/vc_column][\/vc_row][vc_row][vc_column][vc_single_image image=&#8220;23232&#8243; img_size=&#8220;full&#8220; alignment=&#8220;center&#8220; style=&#8220;vc_box_shadow_border&#8220;][vc_separator type=&#8220;double&#8220;][vc_column_text]<\/p>\n<p style=\"text-align: center;\">Der Hauptzweck unserer Gesellschaft besteht darin, durch ein hoch qualifiziertes Personal, das seit Jahren in diesem Bereich t\u00e4tig ist, einen hochprofessionellen und seri\u00f6sen Service zu erschaffen.<\/p>\n<p>[\/vc_column_text][vc_separator type=&#8220;double&#8220;][\/vc_column][\/vc_row][vc_row][vc_column width=&#8220;1\/3&#8243;][vc_single_image image=&#8220;23141&#8243; img_size=&#8220;large&#8220; alignment=&#8220;center&#8220; style=&#8220;vc_box_shadow_border&#8220; onclick=&#8220;custom_link&#8220; link=&#8220;https:\/\/marmormenapace.it&#8220;][\/vc_column][vc_column width=&#8220;1\/3&#8243;][vc_single_image image=&#8220;23142&#8243; img_size=&#8220;large&#8220; alignment=&#8220;center&#8220; style=&#8220;vc_box_shadow_border&#8220; onclick=&#8220;custom_link&#8220; link=&#8220;http:\/\/asilvy.it&#8220;][\/vc_column][vc_column width=&#8220;1\/3&#8243;][vc_single_image image=&#8220;23125&#8243; img_size=&#8220;large&#8220; alignment=&#8220;center&#8220; style=&#8220;vc_box_shadow_border&#8220;][\/vc_column][\/vc_row][vc_row][vc_column][vc_separator type=&#8220;double&#8220;][\/vc_column][\/vc_row]<\/p>","protected":false},"excerpt":{"rendered":"<p>[vc_row][vc_column][vc_separator type=&#8220;double&#8220;][vc_column_text]Die gemeinn\u00fctzige Bestattungsgesellschaft Lilium ist aus dem allgemeinen Interesse entstanden, in einem sehr sensiblen&#8230;<\/p>\n","protected":false},"author":2,"featured_media":23189,"parent":0,"menu_order":0,"comment_status":"open","ping_status":"closed","template":"","meta":[],"aioseo_notices":[],"_links":{"self":[{"href":"https:\/\/liliumservizifunebri.it\/de\/wp-json\/wp\/v2\/pages\/15253"}],"collection":[{"href":"https:\/\/liliumservizifunebri.it\/de\/wp-json\/wp\/v2\/pages"}],"about":[{"href":"https:\/\/liliumservizifunebri.it\/de\/wp-json\/wp\/v2\/types\/page"}],"author":[{"embeddable":true,"href":"https:\/\/liliumservizifunebri.it\/de\/wp-json\/wp\/v2\/users\/2"}],"replies":[{"embeddable":true,"href":"https:\/\/liliumservizifunebri.it\/de\/wp-json\/wp\/v2\/comments?post=15253"}],"version-history":[{"count":22,"href":"https:\/\/liliumservizifunebri.it\/de\/wp-json\/wp\/v2\/pages\/15253\/revisions"}],"predecessor-version":[{"id":23260,"href":"https:\/\/liliumservizifunebri.it\/de\/wp-json\/wp\/v2\/pages\/15253\/revisions\/23260"}],"wp:featuredmedia":[{"embeddable":true,"href":"https:\/\/liliumservizifunebri.it\/de\/wp-json\/wp\/v2\/media\/23189"}],"wp:attachment":[{"href":"https:\/\/liliumservizifunebri.it\/de\/wp-json\/wp\/v2\/media?parent=15253"}],"curies":[{"name":"wp","href":"https:\/\/api.w.org\/{rel}","templated":true}]}}